{"id":135,"date":"2012-11-10T11:53:22","date_gmt":"2012-11-10T10:53:22","guid":{"rendered":"http:\/\/www.salantine.fr\/wordpress\/?page_id=135"},"modified":"2024-04-08T18:31:47","modified_gmt":"2024-04-08T16:31:47","slug":"handicap-et-equitation","status":"publish","type":"page","link":"https:\/\/salantine.fr\/wordpress\/handicap-et-equitation\/","title":{"rendered":"Handicap et insertion sociale"},"content":{"rendered":"\t\t<div data-elementor-type=\"wp-page\" data-elementor-id=\"135\" class=\"elementor elementor-135\">\n\t\t\t\t\t\t\t\t\t<section class=\"elementor-section elementor-top-section elementor-element elementor-element-34ef8ca9 elementor-section-boxed elementor-section-height-default elementor-section-height-default\" data-id=\"34ef8ca9\" data-element_type=\"section\">\n\t\t\t\t\t\t<div class=\"elementor-container elementor-column-gap-default\">\n\t\t\t\t\t<div class=\"elementor-column elementor-col-100 elementor-top-column elementor-element elementor-element-f57eb31\" data-id=\"f57eb31\" data-element_type=\"column\">\n\t\t\t<div class=\"elementor-widget-wrap elementor-element-populated\">\n\t\t\t\t\t\t\t\t<div class=\"elementor-element elementor-element-17dcdaa elementor-widget elementor-widget-text-editor\" data-id=\"17dcdaa\" data-element_type=\"widget\" data-widget_type=\"text-editor.default\">\n\t\t\t\t<div class=\"elementor-widget-container\">\n\t\t\t<style>\/*! elementor - v3.12.2 - 23-04-2023 *\/\n.elementor-widget-text-editor.elementor-drop-cap-view-stacked .elementor-drop-cap{background-color:#69727d;color:#fff}.elementor-widget-text-editor.elementor-drop-cap-view-framed .elementor-drop-cap{color:#69727d;border:3px solid;background-color:transparent}.elementor-widget-text-editor:not(.elementor-drop-cap-view-default) .elementor-drop-cap{margin-top:8px}.elementor-widget-text-editor:not(.elementor-drop-cap-view-default) .elementor-drop-cap-letter{width:1em;height:1em}.elementor-widget-text-editor .elementor-drop-cap{float:left;text-align:center;line-height:1;font-size:50px}.elementor-widget-text-editor .elementor-drop-cap-letter{display:inline-block}<\/style>\t\t\t\t<p style=\"text-align: justify;\">Depuis sa cr\u00e9ation, le poney-club de la Salantine a toujours \u00e9t\u00e9 dans une d\u00e9marche d&rsquo;accueil des personnes en difficult\u00e9. La pratique de l&rsquo;\u00e9quitation constitue un apport \u00e9vident pour leur insertion et leur d\u00e9veloppement socio-\u00e9ducatif en g\u00e9n\u00e9ral.<\/p>\n<p style=\"text-align: justify;\">\u00c0 ce jour, environ 150 personnes atteintes d&rsquo;un handicap ou en r\u00e9insertion sociale sont accueillies au sein du club, int\u00e9gr\u00e9es \u00e0 des cours collectifs classiques, en cours particuliers ou par petits groupes. Les demandes sont soit individuelles (via les familles) ou proviennent d&rsquo;institutions sp\u00e9cialis\u00e9es : CHU, cr\u00e8che Maison des Poupies, Maisons d&rsquo;Accueil Sp\u00e9cialis\u00e9es, Centres d&rsquo;accueil pour adultes, IME, h\u00f4pitaux de jour, PJJ (Protection Judiciaire Jeunesse), l&rsquo;ARTA, les classes relais, CLIS, classes primaires et coll\u00e8ges, etc&#8230;<\/p>\n<p style=\"text-align: justify;\">Aujourd&rsquo;hui, deux moniteurs du club sont titulaires du BFEEH, Brevet F\u00e9d\u00e9ral d&rsquo;Encadrement Equi Handi (mental, moteur et sensoriel). Pour les individuels, Sophie PEIGNEE, ancienne infirmi\u00e8re sp\u00e9cialis\u00e9e en \u00e9quith\u00e9rapie, propose un accompagnement adapt\u00e9 et sp\u00e9cialis\u00e9 au besoin du patient. R\u00e9guli\u00e8rement, le poney-club invite des cavaliers en situation de handicap \u00e0 participer \u00e0 des rencontres \u00e9quifun au club ou \u00e0 l&rsquo;ext\u00e9rieur.<\/p>\n<p style=\"text-align: justify;\">L&rsquo;APE permet \u00e0 des groupes d&rsquo;enfants (h\u00f4pital de jour, secours populaire&#8230;) de participer \u00e0 une activit\u00e9 r\u00e9guli\u00e8re \u00e0 l&rsquo;ann\u00e9e, ou de faire des stages pendant les vacances scolaires gr\u00e2ce \u00e0 des partenaires tels que la <a href=\"https:\/\/www.fondation-sncf.org\/fr\/\">Fondation SNCF<\/a>, l&rsquo;Agence\u00a0R\u00e9gionale de Sant\u00e9&#8230; Cet investissement de l&rsquo;\u00e9quipe de la Salantine a permis \u00e0 l&rsquo;Etablissement de figurer dans l&rsquo;Handi Guide r\u00e9gional de la Jeunesse et des Sports.<\/p>\n<p style=\"text-align: justify;\">L&rsquo;Association pour la Promotion Equestre a pour objectif de continuer \u00e0 r\u00e9pondre aux demandes de prise en charge et d&rsquo;accro\u00eetre sa capacit\u00e9 d&rsquo;accueil. C&rsquo;est l&rsquo;objet du projet \u00ab\u00a0handicap et insertion sociale\u00a0\u00bb que l&rsquo;APE a d\u00e9velopp\u00e9 avec le soutien du Conseil D\u00e9partemental, du Fonds EPERON et de nombreux partenaires. Un nouveau man\u00e8ge rond adapt\u00e9 est en service depuis la rentr\u00e9e ainsi qu&rsquo;un espace d\u00e9di\u00e9 \u00e0 la pr\u00e9paration des \u00e9quid\u00e9s et \u00e0 la m\u00e9diation animale. Ces nouvelles infrastructures permettent une meilleure qualit\u00e9 d&rsquo;accueil, une diversification du travail assist\u00e9 par le cheval et un d\u00e9veloppement de l&rsquo;activit\u00e9. Nous remercions tous ceux qui nous ont accompagn\u00e9s dans ce beau projet.<\/p>\n<p><!-- \/wp:image --><!-- wp:image {\"id\":20160,\"width\":188,\"height\":119} --><\/p>\n<p><!-- \/wp:image --><!-- wp:paragraph --><\/p>\n<p><!-- \/wp:paragraph --><\/p>\t\t\t\t\t\t<\/div>\n\t\t\t\t<\/div>\n\t\t\t\t\t<\/div>\n\t\t<\/div>\n\t\t\t\t\t\t\t<\/div>\n\t\t<\/section>\n\t\t\t\t<section class=\"elementor-section elementor-top-section elementor-element elementor-element-9c41757 elementor-section-boxed elementor-section-height-default elementor-section-height-default\" data-id=\"9c41757\" data-element_type=\"section\">\n\t\t\t\t\t\t<div class=\"elementor-container elementor-column-gap-default\">\n\t\t\t\t\t<div class=\"elementor-column elementor-col-100 elementor-top-column elementor-element elementor-element-541e460\" data-id=\"541e460\" data-element_type=\"column\">\n\t\t\t<div class=\"elementor-widget-wrap elementor-element-populated\">\n\t\t\t\t\t\t\t\t<section class=\"elementor-section elementor-inner-section elementor-element elementor-element-c2e5cc6 elementor-section-boxed elementor-section-height-default elementor-section-height-default\" data-id=\"c2e5cc6\" data-element_type=\"section\">\n\t\t\t\t\t\t<div class=\"elementor-container elementor-column-gap-default\">\n\t\t\t\t\t<div class=\"elementor-column elementor-col-25 elementor-inner-column elementor-element elementor-element-8ac4c03\" data-id=\"8ac4c03\" data-element_type=\"column\">\n\t\t\t<div class=\"elementor-widget-wrap elementor-element-populated\">\n\t\t\t\t\t\t\t\t<div class=\"elementor-element elementor-element-9f1389c elementor-widget elementor-widget-image\" data-id=\"9f1389c\" data-element_type=\"widget\" data-widget_type=\"image.default\">\n\t\t\t\t<div class=\"elementor-widget-container\">\n\t\t\t<style>\/*! elementor - v3.12.2 - 23-04-2023 *\/\n.elementor-widget-image{text-align:center}.elementor-widget-image a{display:inline-block}.elementor-widget-image a img[src$=\".svg\"]{width:48px}.elementor-widget-image img{vertical-align:middle;display:inline-block}<\/style>\t\t\t\t\t\t\t\t\t\t\t\t<img loading=\"lazy\" decoding=\"async\" width=\"320\" height=\"254\" src=\"https:\/\/salantine.fr\/wordpress\/wp-content\/uploads\/2020\/09\/SNCF_fondation-1.png\" class=\"attachment-large size-large wp-image-25479\" alt=\"\" srcset=\"https:\/\/salantine.fr\/wordpress\/wp-content\/uploads\/2020\/09\/SNCF_fondation-1.png 320w, https:\/\/salantine.fr\/wordpress\/wp-content\/uploads\/2020\/09\/SNCF_fondation-1-300x238.png 300w, https:\/\/salantine.fr\/wordpress\/wp-content\/uploads\/2020\/09\/SNCF_fondation-1-150x119.png 150w, https:\/\/salantine.fr\/wordpress\/wp-content\/uploads\/2020\/09\/SNCF_fondation-1-189x150.png 189w\" sizes=\"auto, (max-width: 320px) 100vw, 320px\" \/>\t\t\t\t\t\t\t\t\t\t\t\t\t\t\t<\/div>\n\t\t\t\t<\/div>\n\t\t\t\t\t<\/div>\n\t\t<\/div>\n\t\t\t\t<div class=\"elementor-column elementor-col-25 elementor-inner-column elementor-element elementor-element-3b07702\" data-id=\"3b07702\" data-element_type=\"column\">\n\t\t\t<div class=\"elementor-widget-wrap elementor-element-populated\">\n\t\t\t\t\t\t\t\t<div class=\"elementor-element elementor-element-de2df5e elementor-widget elementor-widget-image\" data-id=\"de2df5e\" data-element_type=\"widget\" data-widget_type=\"image.default\">\n\t\t\t\t<div class=\"elementor-widget-container\">\n\t\t\t\t\t\t\t\t\t\t\t\t\t\t\t<img loading=\"lazy\" decoding=\"async\" width=\"331\" height=\"328\" src=\"https:\/\/salantine.fr\/wordpress\/wp-content\/uploads\/2020\/09\/Capture-dcran-2020-09-24-11.36.12.png\" class=\"attachment-large size-large wp-image-25467\" alt=\"\" srcset=\"https:\/\/salantine.fr\/wordpress\/wp-content\/uploads\/2020\/09\/Capture-dcran-2020-09-24-11.36.12.png 331w, https:\/\/salantine.fr\/wordpress\/wp-content\/uploads\/2020\/09\/Capture-dcran-2020-09-24-11.36.12-150x150.png 150w, https:\/\/salantine.fr\/wordpress\/wp-content\/uploads\/2020\/09\/Capture-dcran-2020-09-24-11.36.12-300x297.png 300w, https:\/\/salantine.fr\/wordpress\/wp-content\/uploads\/2020\/09\/Capture-dcran-2020-09-24-11.36.12-151x150.png 151w\" sizes=\"auto, (max-width: 331px) 100vw, 331px\" \/>\t\t\t\t\t\t\t\t\t\t\t\t\t\t\t<\/div>\n\t\t\t\t<\/div>\n\t\t\t\t\t<\/div>\n\t\t<\/div>\n\t\t\t\t<div class=\"elementor-column elementor-col-25 elementor-inner-column elementor-element elementor-element-d840e74\" data-id=\"d840e74\" data-element_type=\"column\">\n\t\t\t<div class=\"elementor-widget-wrap elementor-element-populated\">\n\t\t\t\t\t\t\t\t<div class=\"elementor-element elementor-element-7c4f7dc elementor-widget elementor-widget-image\" data-id=\"7c4f7dc\" data-element_type=\"widget\" data-widget_type=\"image.default\">\n\t\t\t\t<div class=\"elementor-widget-container\">\n\t\t\t\t\t\t\t\t\t\t\t\t\t\t\t<img loading=\"lazy\" decoding=\"async\" width=\"800\" height=\"508\" src=\"https:\/\/salantine.fr\/wordpress\/wp-content\/uploads\/2012\/11\/logo-fonds-eperon-1024x650.jpg\" class=\"attachment-large size-large wp-image-20160\" alt=\"\" srcset=\"https:\/\/salantine.fr\/wordpress\/wp-content\/uploads\/2012\/11\/logo-fonds-eperon-1024x650.jpg 1024w, https:\/\/salantine.fr\/wordpress\/wp-content\/uploads\/2012\/11\/logo-fonds-eperon-300x190.jpg 300w, https:\/\/salantine.fr\/wordpress\/wp-content\/uploads\/2012\/11\/logo-fonds-eperon-236x150.jpg 236w, https:\/\/salantine.fr\/wordpress\/wp-content\/uploads\/2012\/11\/logo-fonds-eperon-150x95.jpg 150w, https:\/\/salantine.fr\/wordpress\/wp-content\/uploads\/2012\/11\/logo-fonds-eperon.jpg 1945w\" sizes=\"auto, (max-width: 800px) 100vw, 800px\" \/>\t\t\t\t\t\t\t\t\t\t\t\t\t\t\t<\/div>\n\t\t\t\t<\/div>\n\t\t\t\t\t<\/div>\n\t\t<\/div>\n\t\t\t\t<div class=\"elementor-column elementor-col-25 elementor-inner-column elementor-element elementor-element-8a15c76\" data-id=\"8a15c76\" data-element_type=\"column\">\n\t\t\t<div class=\"elementor-widget-wrap elementor-element-populated\">\n\t\t\t\t\t\t\t\t<div class=\"elementor-element elementor-element-dc0deb8 elementor-widget elementor-widget-image\" data-id=\"dc0deb8\" data-element_type=\"widget\" data-widget_type=\"image.default\">\n\t\t\t\t<div class=\"elementor-widget-container\">\n\t\t\t\t\t\t\t\t\t\t\t\t\t\t\t<img loading=\"lazy\" decoding=\"async\" width=\"800\" height=\"450\" src=\"https:\/\/salantine.fr\/wordpress\/wp-content\/uploads\/2012\/11\/CG44_quadri-1024x576.jpg\" class=\"attachment-large size-large wp-image-20161\" alt=\"\" srcset=\"https:\/\/salantine.fr\/wordpress\/wp-content\/uploads\/2012\/11\/CG44_quadri-1024x576.jpg 1024w, https:\/\/salantine.fr\/wordpress\/wp-content\/uploads\/2012\/11\/CG44_quadri-300x169.jpg 300w, https:\/\/salantine.fr\/wordpress\/wp-content\/uploads\/2012\/11\/CG44_quadri-250x141.jpg 250w, https:\/\/salantine.fr\/wordpress\/wp-content\/uploads\/2012\/11\/CG44_quadri-150x84.jpg 150w, https:\/\/salantine.fr\/wordpress\/wp-content\/uploads\/2012\/11\/CG44_quadri.jpg 1890w\" sizes=\"auto, (max-width: 800px) 100vw, 800px\" \/>\t\t\t\t\t\t\t\t\t\t\t\t\t\t\t<\/div>\n\t\t\t\t<\/div>\n\t\t\t\t\t<\/div>\n\t\t<\/div>\n\t\t\t\t\t\t\t<\/div>\n\t\t<\/section>\n\t\t\t\t\t<\/div>\n\t\t<\/div>\n\t\t\t\t\t\t\t<\/div>\n\t\t<\/section>\n\t\t\t\t\t\t\t<\/div>\n\t\t","protected":false},"excerpt":{"rendered":"<p>Depuis sa cr\u00e9ation, le poney-club de la Salantine a toujours \u00e9t\u00e9 dans une d\u00e9marche d&rsquo;accueil des personnes en difficult\u00e9. La pratique de l&rsquo;\u00e9quitation constitue un apport \u00e9vident pour leur insertion et leur d\u00e9veloppement socio-\u00e9ducatif en g\u00e9n\u00e9ral. \u00c0 ce jour, environ 150 personnes atteintes d&rsquo;un handicap ou en r\u00e9insertion sociale sont accueillies au sein du club, [&hellip;]<\/p>\n","protected":false},"author":1,"featured_media":0,"parent":0,"menu_order":5,"comment_status":"closed","ping_status":"closed","template":"","meta":{"ngg_post_thumbnail":0,"footnotes":""},"class_list":["post-135","page","type-page","status-publish","hentry"],"_links":{"self":[{"href":"https:\/\/salantine.fr\/wordpress\/wp-json\/wp\/v2\/pages\/135","targetHints":{"allow":["GET"]}}],"collection":[{"href":"https:\/\/salantine.fr\/wordpress\/wp-json\/wp\/v2\/pages"}],"about":[{"href":"https:\/\/salantine.fr\/wordpress\/wp-json\/wp\/v2\/types\/page"}],"author":[{"embeddable":true,"href":"https:\/\/salantine.fr\/wordpress\/wp-json\/wp\/v2\/users\/1"}],"replies":[{"embeddable":true,"href":"https:\/\/salantine.fr\/wordpress\/wp-json\/wp\/v2\/comments?post=135"}],"version-history":[{"count":47,"href":"https:\/\/salantine.fr\/wordpress\/wp-json\/wp\/v2\/pages\/135\/revisions"}],"predecessor-version":[{"id":27428,"href":"https:\/\/salantine.fr\/wordpress\/wp-json\/wp\/v2\/pages\/135\/revisions\/27428"}],"wp:attachment":[{"href":"https:\/\/salantine.fr\/wordpress\/wp-json\/wp\/v2\/media?parent=135"}],"curies":[{"name":"wp","href":"https:\/\/api.w.org\/{rel}","templated":true}]}}