{"id":71,"date":"2012-11-07T21:11:34","date_gmt":"2012-11-07T20:11:34","guid":{"rendered":"http:\/\/www.salantine.fr\/wordpress\/?page_id=71"},"modified":"2025-11-17T18:08:00","modified_gmt":"2025-11-17T17:08:00","slug":"lassociation","status":"publish","type":"page","link":"http:\/\/salantine.fr\/wordpress\/lassociation\/","title":{"rendered":"L&rsquo;Association"},"content":{"rendered":"\t\t<div data-elementor-type=\"wp-page\" data-elementor-id=\"71\" class=\"elementor elementor-71\">\n\t\t\t\t\t\t\t\t\t<section class=\"elementor-section elementor-top-section elementor-element elementor-element-18d2fa06 elementor-section-boxed elementor-section-height-default elementor-section-height-default\" data-id=\"18d2fa06\" data-element_type=\"section\">\n\t\t\t\t\t\t<div class=\"elementor-container elementor-column-gap-default\">\n\t\t\t\t\t<div class=\"elementor-column elementor-col-100 elementor-top-column elementor-element elementor-element-730c2400\" data-id=\"730c2400\" data-element_type=\"column\">\n\t\t\t<div class=\"elementor-widget-wrap elementor-element-populated\">\n\t\t\t\t\t\t\t\t<div class=\"elementor-element elementor-element-4504cf2b elementor-widget elementor-widget-text-editor\" data-id=\"4504cf2b\" data-element_type=\"widget\" data-widget_type=\"text-editor.default\">\n\t\t\t\t<div class=\"elementor-widget-container\">\n\t\t\t<style>\/*! elementor - v3.12.2 - 23-04-2023 *\/\n.elementor-widget-text-editor.elementor-drop-cap-view-stacked .elementor-drop-cap{background-color:#69727d;color:#fff}.elementor-widget-text-editor.elementor-drop-cap-view-framed .elementor-drop-cap{color:#69727d;border:3px solid;background-color:transparent}.elementor-widget-text-editor:not(.elementor-drop-cap-view-default) .elementor-drop-cap{margin-top:8px}.elementor-widget-text-editor:not(.elementor-drop-cap-view-default) .elementor-drop-cap-letter{width:1em;height:1em}.elementor-widget-text-editor .elementor-drop-cap{float:left;text-align:center;line-height:1;font-size:50px}.elementor-widget-text-editor .elementor-drop-cap-letter{display:inline-block}<\/style>\t\t\t\t<p><!-- wp:paragraph --><\/p>\n<p>Le but de l&rsquo;<strong>Association<\/strong> pour la <strong>Promotion<\/strong> <strong>Equestre<\/strong> (<strong><em>APE<\/em><\/strong>) est de promouvoir l&rsquo;\u00e9quitation \u00e0 poney pour tous. Les enfants de <strong>6 \u00e0 10 ans<\/strong> \u00e0 shetlands et les jeunes de <strong>10 \u00e0 18 ans<\/strong> sur les double-poneys, ainsi que quelques cours adultes sont ouverts \u00e0 tous, toute l&rsquo;ann\u00e9e, hors vacances scolaires.<\/p>\n<p><!-- \/wp:paragraph --><!-- wp:paragraph --><\/p>\n<p>Les activit\u00e9s se pratiquent avec des moniteurs dipl\u00f4m\u00e9s :<\/p>\n<p><!-- \/wp:paragraph --><!-- wp:list --><\/p>\n<ul>\n<li>Initiation loisir et comp\u00e9tition<\/li>\n<li>Cours et balades \u00e0 poney, dans le parc de la Ch\u00e9zine<\/li>\n<li>Comp\u00e9titions de concours complets et de saut d&rsquo;obstacle<\/li>\n<li>Stages pendant les vacances scolaires<\/li>\n<li>Randonn\u00e9es<\/li>\n<li>Accueil des scolaires et divers groupes en journ\u00e9e<\/li>\n<\/ul>\n<p><!-- \/wp:list --><!-- wp:paragraph --><\/p>\n<p><!-- \/wp:paragraph --><!-- wp:paragraph --><\/p>\n<p>Lorsque vous choisissez, en d\u00e9but d&rsquo;ann\u00e9e, de rejoindre la grande famille de la Salantine, vous adh\u00e9rez aussi \u00e0 celle de l&rsquo;Association, et nous vous en remercions.<\/p>\n<p><!-- \/wp:paragraph --><!-- wp:heading --><\/p>\n<p><!-- \/wp:heading --><!-- wp:image {\"id\":26989,\"sizeSlug\":\"full\",\"linkDestination\":\"media\"} --><\/p>\n<p><!-- \/wp:paragraph --><\/p>\t\t\t\t\t\t<\/div>\n\t\t\t\t<\/div>\n\t\t\t\t\t<\/div>\n\t\t<\/div>\n\t\t\t\t\t\t\t<\/div>\n\t\t<\/section>\n\t\t\t\t<section class=\"elementor-section elementor-top-section elementor-element elementor-element-6ffd710 elementor-section-boxed elementor-section-height-default elementor-section-height-default\" data-id=\"6ffd710\" data-element_type=\"section\">\n\t\t\t\t\t\t<div class=\"elementor-container elementor-column-gap-default\">\n\t\t\t\t\t<div class=\"elementor-column elementor-col-100 elementor-top-column elementor-element elementor-element-48286f2\" data-id=\"48286f2\" data-element_type=\"column\">\n\t\t\t<div class=\"elementor-widget-wrap\">\n\t\t\t\t\t\t\t\t\t<\/div>\n\t\t<\/div>\n\t\t\t\t\t\t\t<\/div>\n\t\t<\/section>\n\t\t\t\t\t\t\t<\/div>\n\t\t","protected":false},"excerpt":{"rendered":"<p>Le but de l&rsquo;Association pour la Promotion Equestre (APE) est de promouvoir l&rsquo;\u00e9quitation \u00e0 poney pour tous. Les enfants de 6 \u00e0 10 ans \u00e0 shetlands et les jeunes de 10 \u00e0 18 ans sur les double-poneys, ainsi que quelques cours adultes sont ouverts \u00e0 tous, toute l&rsquo;ann\u00e9e, hors vacances scolaires. Les activit\u00e9s se pratiquent [&hellip;]<\/p>\n","protected":false},"author":1,"featured_media":0,"parent":0,"menu_order":6,"comment_status":"closed","ping_status":"closed","template":"","meta":{"ngg_post_thumbnail":0,"footnotes":""},"class_list":["post-71","page","type-page","status-publish","hentry"],"_links":{"self":[{"href":"http:\/\/salantine.fr\/wordpress\/wp-json\/wp\/v2\/pages\/71","targetHints":{"allow":["GET"]}}],"collection":[{"href":"http:\/\/salantine.fr\/wordpress\/wp-json\/wp\/v2\/pages"}],"about":[{"href":"http:\/\/salantine.fr\/wordpress\/wp-json\/wp\/v2\/types\/page"}],"author":[{"embeddable":true,"href":"http:\/\/salantine.fr\/wordpress\/wp-json\/wp\/v2\/users\/1"}],"replies":[{"embeddable":true,"href":"http:\/\/salantine.fr\/wordpress\/wp-json\/wp\/v2\/comments?post=71"}],"version-history":[{"count":80,"href":"http:\/\/salantine.fr\/wordpress\/wp-json\/wp\/v2\/pages\/71\/revisions"}],"predecessor-version":[{"id":27917,"href":"http:\/\/salantine.fr\/wordpress\/wp-json\/wp\/v2\/pages\/71\/revisions\/27917"}],"wp:attachment":[{"href":"http:\/\/salantine.fr\/wordpress\/wp-json\/wp\/v2\/media?parent=71"}],"curies":[{"name":"wp","href":"https:\/\/api.w.org\/{rel}","templated":true}]}}