{"id":25736,"date":"2021-10-21T01:03:52","date_gmt":"2021-10-20T23:03:52","guid":{"rendered":"http:\/\/salantine.fr\/wordpress\/?page_id=25736"},"modified":"2026-03-18T15:06:14","modified_gmt":"2026-03-18T14:06:14","slug":"accueil","status":"publish","type":"page","link":"http:\/\/salantine.fr\/wordpress\/","title":{"rendered":"Actualit\u00e9s"},"content":{"rendered":"\t\t<div data-elementor-type=\"wp-page\" data-elementor-id=\"25736\" class=\"elementor elementor-25736\">\n\t\t\t\t\t\t\t\t\t<section class=\"elementor-section elementor-top-section elementor-element elementor-element-c808d31 elementor-section-boxed elementor-section-height-default elementor-section-height-default\" data-id=\"c808d31\" data-element_type=\"section\">\n\t\t\t\t\t\t<div class=\"elementor-container elementor-column-gap-default\">\n\t\t\t\t\t<div class=\"elementor-column elementor-col-100 elementor-top-column elementor-element elementor-element-51eb135\" data-id=\"51eb135\" data-element_type=\"column\">\n\t\t\t<div class=\"elementor-widget-wrap elementor-element-populated\">\n\t\t\t\t\t\t\t\t<div class=\"elementor-element elementor-element-73f4c49 elementor-widget elementor-widget-text-editor\" data-id=\"73f4c49\" data-element_type=\"widget\" data-widget_type=\"text-editor.default\">\n\t\t\t\t<div class=\"elementor-widget-container\">\n\t\t\t<style>\/*! elementor - v3.12.2 - 23-04-2023 *\/\n.elementor-widget-text-editor.elementor-drop-cap-view-stacked .elementor-drop-cap{background-color:#69727d;color:#fff}.elementor-widget-text-editor.elementor-drop-cap-view-framed .elementor-drop-cap{color:#69727d;border:3px solid;background-color:transparent}.elementor-widget-text-editor:not(.elementor-drop-cap-view-default) .elementor-drop-cap{margin-top:8px}.elementor-widget-text-editor:not(.elementor-drop-cap-view-default) .elementor-drop-cap-letter{width:1em;height:1em}.elementor-widget-text-editor .elementor-drop-cap{float:left;text-align:center;line-height:1;font-size:50px}.elementor-widget-text-editor .elementor-drop-cap-letter{display:inline-block}<\/style>\t\t\t\t<h2><strong><span style=\"color: #000000;\">Les prochaines vacances \u00e0 La Salantine:<\/span><\/strong><\/h2>\t\t\t\t\t\t<\/div>\n\t\t\t\t<\/div>\n\t\t\t\t\t<\/div>\n\t\t<\/div>\n\t\t\t\t\t\t\t<\/div>\n\t\t<\/section>\n\t\t\t\t<section class=\"elementor-section elementor-top-section elementor-element elementor-element-e08f7b2 elementor-section-boxed elementor-section-height-default elementor-section-height-default\" data-id=\"e08f7b2\" data-element_type=\"section\">\n\t\t\t\t\t\t<div class=\"elementor-container elementor-column-gap-default\">\n\t\t\t\t\t<div class=\"elementor-column elementor-col-50 elementor-top-column elementor-element elementor-element-66a71e0\" data-id=\"66a71e0\" data-element_type=\"column\">\n\t\t\t<div class=\"elementor-widget-wrap elementor-element-populated\">\n\t\t\t\t\t\t\t\t<div class=\"elementor-element elementor-element-f2fab9f elementor-widget elementor-widget-image\" data-id=\"f2fab9f\" data-element_type=\"widget\" data-widget_type=\"image.default\">\n\t\t\t\t<div class=\"elementor-widget-container\">\n\t\t\t<style>\/*! elementor - v3.12.2 - 23-04-2023 *\/\n.elementor-widget-image{text-align:center}.elementor-widget-image a{display:inline-block}.elementor-widget-image a img[src$=\".svg\"]{width:48px}.elementor-widget-image img{vertical-align:middle;display:inline-block}<\/style>\t\t\t\t\t\t\t\t\t\t\t\t<img loading=\"lazy\" decoding=\"async\" width=\"800\" height=\"566\" src=\"http:\/\/salantine.fr\/wordpress\/wp-content\/uploads\/2026\/03\/vacances-printemps-activites-shet-1-1024x724.jpg\" class=\"attachment-large size-large wp-image-27997\" alt=\"\" srcset=\"http:\/\/salantine.fr\/wordpress\/wp-content\/uploads\/2026\/03\/vacances-printemps-activites-shet-1-1024x724.jpg 1024w, http:\/\/salantine.fr\/wordpress\/wp-content\/uploads\/2026\/03\/vacances-printemps-activites-shet-1-300x212.jpg 300w, http:\/\/salantine.fr\/wordpress\/wp-content\/uploads\/2026\/03\/vacances-printemps-activites-shet-1-768x543.jpg 768w, http:\/\/salantine.fr\/wordpress\/wp-content\/uploads\/2026\/03\/vacances-printemps-activites-shet-1-1536x1086.jpg 1536w, http:\/\/salantine.fr\/wordpress\/wp-content\/uploads\/2026\/03\/vacances-printemps-activites-shet-1.jpg 2000w\" sizes=\"auto, (max-width: 800px) 100vw, 800px\" \/>\t\t\t\t\t\t\t\t\t\t\t\t\t\t\t<\/div>\n\t\t\t\t<\/div>\n\t\t\t\t\t<\/div>\n\t\t<\/div>\n\t\t\t\t<div class=\"elementor-column elementor-col-50 elementor-top-column elementor-element elementor-element-5a19126\" data-id=\"5a19126\" data-element_type=\"column\">\n\t\t\t<div class=\"elementor-widget-wrap elementor-element-populated\">\n\t\t\t\t\t\t\t\t<div class=\"elementor-element elementor-element-19d2eff elementor-widget elementor-widget-image\" data-id=\"19d2eff\" data-element_type=\"widget\" data-widget_type=\"image.default\">\n\t\t\t\t<div class=\"elementor-widget-container\">\n\t\t\t\t\t\t\t\t\t\t\t\t\t\t\t<img loading=\"lazy\" decoding=\"async\" width=\"800\" height=\"566\" src=\"http:\/\/salantine.fr\/wordpress\/wp-content\/uploads\/2026\/03\/vacances-printemps-activites-doubles-1-1024x724.jpg\" class=\"attachment-large size-large wp-image-27998\" alt=\"\" srcset=\"http:\/\/salantine.fr\/wordpress\/wp-content\/uploads\/2026\/03\/vacances-printemps-activites-doubles-1-1024x724.jpg 1024w, http:\/\/salantine.fr\/wordpress\/wp-content\/uploads\/2026\/03\/vacances-printemps-activites-doubles-1-300x212.jpg 300w, http:\/\/salantine.fr\/wordpress\/wp-content\/uploads\/2026\/03\/vacances-printemps-activites-doubles-1-768x543.jpg 768w, http:\/\/salantine.fr\/wordpress\/wp-content\/uploads\/2026\/03\/vacances-printemps-activites-doubles-1-1536x1086.jpg 1536w, http:\/\/salantine.fr\/wordpress\/wp-content\/uploads\/2026\/03\/vacances-printemps-activites-doubles-1.jpg 2000w\" sizes=\"auto, (max-width: 800px) 100vw, 800px\" \/>\t\t\t\t\t\t\t\t\t\t\t\t\t\t\t<\/div>\n\t\t\t\t<\/div>\n\t\t\t\t\t<\/div>\n\t\t<\/div>\n\t\t\t\t\t\t\t<\/div>\n\t\t<\/section>\n\t\t\t\t<section class=\"elementor-section elementor-top-section elementor-element elementor-element-0679e86 elementor-section-boxed elementor-section-height-default elementor-section-height-default\" data-id=\"0679e86\" data-element_type=\"section\">\n\t\t\t\t\t\t<div class=\"elementor-container elementor-column-gap-default\">\n\t\t\t\t\t<div class=\"elementor-column elementor-col-100 elementor-top-column elementor-element elementor-element-f7e7593\" data-id=\"f7e7593\" data-element_type=\"column\">\n\t\t\t<div class=\"elementor-widget-wrap elementor-element-populated\">\n\t\t\t\t\t\t\t\t<div class=\"elementor-element elementor-element-07de3cc elementor-widget-divider--view-line elementor-widget elementor-widget-divider\" data-id=\"07de3cc\" data-element_type=\"widget\" data-widget_type=\"divider.default\">\n\t\t\t\t<div class=\"elementor-widget-container\">\n\t\t\t<style>\/*! elementor - v3.12.2 - 23-04-2023 *\/\n.elementor-widget-divider{--divider-border-style:none;--divider-border-width:1px;--divider-color:#0c0d0e;--divider-icon-size:20px;--divider-element-spacing:10px;--divider-pattern-height:24px;--divider-pattern-size:20px;--divider-pattern-url:none;--divider-pattern-repeat:repeat-x}.elementor-widget-divider .elementor-divider{display:flex}.elementor-widget-divider .elementor-divider__text{font-size:15px;line-height:1;max-width:95%}.elementor-widget-divider .elementor-divider__element{margin:0 var(--divider-element-spacing);flex-shrink:0}.elementor-widget-divider .elementor-icon{font-size:var(--divider-icon-size)}.elementor-widget-divider .elementor-divider-separator{display:flex;margin:0;direction:ltr}.elementor-widget-divider--view-line_icon .elementor-divider-separator,.elementor-widget-divider--view-line_text .elementor-divider-separator{align-items:center}.elementor-widget-divider--view-line_icon .elementor-divider-separator:after,.elementor-widget-divider--view-line_icon .elementor-divider-separator:before,.elementor-widget-divider--view-line_text .elementor-divider-separator:after,.elementor-widget-divider--view-line_text .elementor-divider-separator:before{display:block;content:\"\";border-bottom:0;flex-grow:1;border-top:var(--divider-border-width) var(--divider-border-style) var(--divider-color)}.elementor-widget-divider--element-align-left .elementor-divider .elementor-divider-separator>.elementor-divider__svg:first-of-type{flex-grow:0;flex-shrink:100}.elementor-widget-divider--element-align-left .elementor-divider-separator:before{content:none}.elementor-widget-divider--element-align-left .elementor-divider__element{margin-left:0}.elementor-widget-divider--element-align-right .elementor-divider .elementor-divider-separator>.elementor-divider__svg:last-of-type{flex-grow:0;flex-shrink:100}.elementor-widget-divider--element-align-right .elementor-divider-separator:after{content:none}.elementor-widget-divider--element-align-right .elementor-divider__element{margin-right:0}.elementor-widget-divider:not(.elementor-widget-divider--view-line_text):not(.elementor-widget-divider--view-line_icon) .elementor-divider-separator{border-top:var(--divider-border-width) var(--divider-border-style) var(--divider-color)}.elementor-widget-divider--separator-type-pattern{--divider-border-style:none}.elementor-widget-divider--separator-type-pattern.elementor-widget-divider--view-line .elementor-divider-separator,.elementor-widget-divider--separator-type-pattern:not(.elementor-widget-divider--view-line) .elementor-divider-separator:after,.elementor-widget-divider--separator-type-pattern:not(.elementor-widget-divider--view-line) .elementor-divider-separator:before,.elementor-widget-divider--separator-type-pattern:not([class*=elementor-widget-divider--view]) .elementor-divider-separator{width:100%;min-height:var(--divider-pattern-height);-webkit-mask-size:var(--divider-pattern-size) 100%;mask-size:var(--divider-pattern-size) 100%;-webkit-mask-repeat:var(--divider-pattern-repeat);mask-repeat:var(--divider-pattern-repeat);background-color:var(--divider-color);-webkit-mask-image:var(--divider-pattern-url);mask-image:var(--divider-pattern-url)}.elementor-widget-divider--no-spacing{--divider-pattern-size:auto}.elementor-widget-divider--bg-round{--divider-pattern-repeat:round}.rtl .elementor-widget-divider .elementor-divider__text{direction:rtl}.e-con-inner>.elementor-widget-divider,.e-con>.elementor-widget-divider{width:var(--container-widget-width,100%);--flex-grow:var(--container-widget-flex-grow)}<\/style>\t\t<div class=\"elementor-divider\">\n\t\t\t<span class=\"elementor-divider-separator\">\n\t\t\t\t\t\t<\/span>\n\t\t<\/div>\n\t\t\t\t<\/div>\n\t\t\t\t<\/div>\n\t\t\t\t<div class=\"elementor-element elementor-element-b13e24e elementor-widget elementor-widget-text-editor\" data-id=\"b13e24e\" data-element_type=\"widget\" data-widget_type=\"text-editor.default\">\n\t\t\t\t<div class=\"elementor-widget-container\">\n\t\t\t\t\t\t\t<p style=\"text-align: center;\"><span style=\"color: #000000;\">L&rsquo;Association pour la Promotion Equestre et le Poney Club Salantine Houssay ont pour objectif de promouvoir l&rsquo;\u00e9quitation \u00e0 poney\u00a0<\/span><span style=\"color: #000000;\">pour les enfants de 6 \u00e0 18 ans et de faciliter l&rsquo;acc\u00e8s \u00e0 l&rsquo;\u00e9quitation pour tous.<\/span><\/p>\n<p style=\"text-align: center;\"><span style=\"color: #000000; font-family: var( --e-global-typography-text-font-family ), Sans-serif; font-weight: var( --e-global-typography-text-font-weight ); font-size: 1rem;\">Les activit\u00e9s se pratiquent toute l&rsquo;ann\u00e9e avec des moniteurs dipl\u00f4m\u00e9s : initiation loisirs, concours complets (CCE) ou de saut d&rsquo;obstacles (CSO), stages pendant les vacances scolaires, randonn\u00e9es l&rsquo;\u00e9t\u00e9, accueil de groupes scolaires et de personnes en situation de handicap, cr\u00e8ches..<\/span><\/p>\t\t\t\t\t\t<\/div>\n\t\t\t\t<\/div>\n\t\t\t\t\t<\/div>\n\t\t<\/div>\n\t\t\t\t\t\t\t<\/div>\n\t\t<\/section>\n\t\t\t\t<section class=\"elementor-section elementor-top-section elementor-element elementor-element-213fe17d elementor-section-boxed elementor-section-height-default elementor-section-height-default\" data-id=\"213fe17d\" data-element_type=\"section\">\n\t\t\t\t\t\t<div class=\"elementor-container elementor-column-gap-default\">\n\t\t\t\t\t<div class=\"elementor-column elementor-col-100 elementor-top-column elementor-element elementor-element-41bbb58e\" data-id=\"41bbb58e\" data-element_type=\"column\">\n\t\t\t<div class=\"elementor-widget-wrap elementor-element-populated\">\n\t\t\t\t\t\t\t\t<div class=\"elementor-element elementor-element-10d93e6 elementor-widget elementor-widget-image\" data-id=\"10d93e6\" data-element_type=\"widget\" data-widget_type=\"image.default\">\n\t\t\t\t<div class=\"elementor-widget-container\">\n\t\t\t\t\t\t\t\t\t\t\t\t\t\t\t<img decoding=\"async\" src=\"http:\/\/salantine.fr\/wordpress\/wp-content\/uploads\/elementor\/thumbs\/IMG_7999-e1684590167346-q6qti24dhogi0nokfm2vhvl5ki959h3aa70axwup34.png\" title=\"IMG_7999\" alt=\"IMG_7999\" loading=\"lazy\" \/>\t\t\t\t\t\t\t\t\t\t\t\t\t\t\t<\/div>\n\t\t\t\t<\/div>\n\t\t\t\t<div class=\"elementor-element elementor-element-1f3afd7 elementor-widget-divider--view-line elementor-widget elementor-widget-divider\" data-id=\"1f3afd7\" data-element_type=\"widget\" data-widget_type=\"divider.default\">\n\t\t\t\t<div class=\"elementor-widget-container\">\n\t\t\t\t\t<div class=\"elementor-divider\">\n\t\t\t<span class=\"elementor-divider-separator\">\n\t\t\t\t\t\t<\/span>\n\t\t<\/div>\n\t\t\t\t<\/div>\n\t\t\t\t<\/div>\n\t\t\t\t<div class=\"elementor-element elementor-element-4bd531d7 elementor-widget__width-initial elementor-widget elementor-widget-text-editor\" data-id=\"4bd531d7\" data-element_type=\"widget\" data-widget_type=\"text-editor.default\">\n\t\t\t\t<div class=\"elementor-widget-container\">\n\t\t\t\t\t\t\t<div class=\"wp-block-columns\">\n<div class=\"wp-block-column\">\n<figure class=\"wp-block-image size-large\"><span style=\"color: #000000;\"><a style=\"color: #000000;\" href=\"https:\/\/salantine.fr\/wordpress\/wp-content\/uploads\/2022\/06\/BRETON-Lilou-1-scaled.jpg\"><img loading=\"lazy\" decoding=\"async\" width=\"683\" height=\"1024\" class=\"wp-image-26233\" src=\"https:\/\/salantine.fr\/wordpress\/wp-content\/uploads\/2022\/06\/BRETON-Lilou-1-683x1024.jpg\" alt=\"\" srcset=\"http:\/\/salantine.fr\/wordpress\/wp-content\/uploads\/2022\/06\/BRETON-Lilou-1-683x1024.jpg 683w, http:\/\/salantine.fr\/wordpress\/wp-content\/uploads\/2022\/06\/BRETON-Lilou-1-200x300.jpg 200w, http:\/\/salantine.fr\/wordpress\/wp-content\/uploads\/2022\/06\/BRETON-Lilou-1-768x1152.jpg 768w, http:\/\/salantine.fr\/wordpress\/wp-content\/uploads\/2022\/06\/BRETON-Lilou-1-1024x1536.jpg 1024w, http:\/\/salantine.fr\/wordpress\/wp-content\/uploads\/2022\/06\/BRETON-Lilou-1-1365x2048.jpg 1365w, http:\/\/salantine.fr\/wordpress\/wp-content\/uploads\/2022\/06\/BRETON-Lilou-1-scaled.jpg 1707w\" sizes=\"auto, (max-width: 683px) 100vw, 683px\" \/><\/a><\/span><\/figure>\n<p><span style=\"color: #000000;\"><!-- \/wp:image --><\/span><\/p>\n<\/div>\n<p><span style=\"color: #000000;\"><!-- \/wp:column --><\/span><\/p>\n<p><span style=\"color: #000000;\"><!-- wp:column --><\/span><\/p>\n<div class=\"wp-block-column\">\n<p><span style=\"color: #000000;\"><!-- wp:image {\"id\":26227,\"sizeSlug\":\"large\",\"linkDestination\":\"media\"} --><\/span><\/p>\n<figure class=\"wp-block-image size-large\"><span style=\"color: #000000;\"><a style=\"color: #000000;\" href=\"https:\/\/salantine.fr\/wordpress\/wp-content\/uploads\/2022\/06\/CAVELLEC-Evanne-3-scaled.jpg\"><img loading=\"lazy\" decoding=\"async\" width=\"683\" height=\"1024\" class=\"wp-image-26227\" src=\"https:\/\/salantine.fr\/wordpress\/wp-content\/uploads\/2022\/06\/CAVELLEC-Evanne-3-683x1024.jpg\" alt=\"\" srcset=\"http:\/\/salantine.fr\/wordpress\/wp-content\/uploads\/2022\/06\/CAVELLEC-Evanne-3-683x1024.jpg 683w, http:\/\/salantine.fr\/wordpress\/wp-content\/uploads\/2022\/06\/CAVELLEC-Evanne-3-200x300.jpg 200w, http:\/\/salantine.fr\/wordpress\/wp-content\/uploads\/2022\/06\/CAVELLEC-Evanne-3-768x1152.jpg 768w, http:\/\/salantine.fr\/wordpress\/wp-content\/uploads\/2022\/06\/CAVELLEC-Evanne-3-1024x1536.jpg 1024w, http:\/\/salantine.fr\/wordpress\/wp-content\/uploads\/2022\/06\/CAVELLEC-Evanne-3-1365x2048.jpg 1365w, http:\/\/salantine.fr\/wordpress\/wp-content\/uploads\/2022\/06\/CAVELLEC-Evanne-3-scaled.jpg 1707w\" sizes=\"auto, (max-width: 683px) 100vw, 683px\" \/><\/a><\/span><\/figure>\n<p><span style=\"color: #000000;\"><!-- \/wp:image --><\/span><\/p>\n<\/div>\n<p><span style=\"color: #000000;\"><!-- \/wp:column --><\/span><\/p>\n<p><span style=\"color: #000000;\"><!-- wp:column --><\/span><\/p>\n<div class=\"wp-block-column\">\n<p><span style=\"color: #000000;\"><!-- wp:image {\"id\":26218,\"sizeSlug\":\"large\",\"linkDestination\":\"media\"} --><\/span><\/p>\n<figure class=\"wp-block-image size-large\"><span style=\"color: #000000;\"><a style=\"color: #000000;\" href=\"https:\/\/salantine.fr\/wordpress\/wp-content\/uploads\/2022\/06\/VOLLAIRE-Arthur-3-scaled.jpg\"><img loading=\"lazy\" decoding=\"async\" width=\"683\" height=\"1024\" class=\"wp-image-26218\" src=\"https:\/\/salantine.fr\/wordpress\/wp-content\/uploads\/2022\/06\/VOLLAIRE-Arthur-3-683x1024.jpg\" alt=\"\" srcset=\"http:\/\/salantine.fr\/wordpress\/wp-content\/uploads\/2022\/06\/VOLLAIRE-Arthur-3-683x1024.jpg 683w, http:\/\/salantine.fr\/wordpress\/wp-content\/uploads\/2022\/06\/VOLLAIRE-Arthur-3-200x300.jpg 200w, http:\/\/salantine.fr\/wordpress\/wp-content\/uploads\/2022\/06\/VOLLAIRE-Arthur-3-768x1152.jpg 768w, http:\/\/salantine.fr\/wordpress\/wp-content\/uploads\/2022\/06\/VOLLAIRE-Arthur-3-1024x1536.jpg 1024w, http:\/\/salantine.fr\/wordpress\/wp-content\/uploads\/2022\/06\/VOLLAIRE-Arthur-3-1365x2048.jpg 1365w, http:\/\/salantine.fr\/wordpress\/wp-content\/uploads\/2022\/06\/VOLLAIRE-Arthur-3-scaled.jpg 1707w\" sizes=\"auto, (max-width: 683px) 100vw, 683px\" \/><\/a><\/span><\/figure>\n<p><span style=\"color: #000000;\"><!-- \/wp:image --><\/span><\/p>\n<\/div>\n<p><span style=\"color: #000000;\"><!-- \/wp:column --><\/span><\/p>\n<p><span style=\"color: #000000;\"><!-- wp:column --><\/span><\/p>\n<div class=\"wp-block-column\">\n<p><span style=\"color: #000000;\"><!-- wp:image {\"id\":26234,\"sizeSlug\":\"large\",\"linkDestination\":\"media\"} --><\/span><\/p>\n<figure class=\"wp-block-image size-large\"><span style=\"color: #000000;\"><a style=\"color: #000000;\" href=\"https:\/\/salantine.fr\/wordpress\/wp-content\/uploads\/2022\/06\/LARUE-Lena-7-scaled.jpg\"><img loading=\"lazy\" decoding=\"async\" width=\"683\" height=\"1024\" class=\"wp-image-26234\" src=\"https:\/\/salantine.fr\/wordpress\/wp-content\/uploads\/2022\/06\/LARUE-Lena-7-683x1024.jpg\" alt=\"\" srcset=\"http:\/\/salantine.fr\/wordpress\/wp-content\/uploads\/2022\/06\/LARUE-Lena-7-683x1024.jpg 683w, http:\/\/salantine.fr\/wordpress\/wp-content\/uploads\/2022\/06\/LARUE-Lena-7-200x300.jpg 200w, http:\/\/salantine.fr\/wordpress\/wp-content\/uploads\/2022\/06\/LARUE-Lena-7-768x1152.jpg 768w, http:\/\/salantine.fr\/wordpress\/wp-content\/uploads\/2022\/06\/LARUE-Lena-7-1024x1536.jpg 1024w, http:\/\/salantine.fr\/wordpress\/wp-content\/uploads\/2022\/06\/LARUE-Lena-7-1365x2048.jpg 1365w, http:\/\/salantine.fr\/wordpress\/wp-content\/uploads\/2022\/06\/LARUE-Lena-7-scaled.jpg 1707w\" sizes=\"auto, (max-width: 683px) 100vw, 683px\" \/><\/a><\/span><\/figure>\n<p><span style=\"color: #000000;\"><!-- \/wp:image --><\/span><\/p>\n<\/div>\n<p><span style=\"color: #000000;\"><!-- \/wp:column --><\/span><\/p>\n<\/div>\n<p><span style=\"color: #000000;\"><!-- \/wp:columns --><\/span><\/p>\n<p><span style=\"color: #000000;\"><!-- wp:columns --><\/span><\/p>\n<div class=\"wp-block-columns\">\n<p><span style=\"color: #000000;\"><!-- wp:column --><\/span><\/p>\n<div class=\"wp-block-column\">\n<p><span style=\"color: #000000;\"><!-- wp:image {\"id\":26230,\"sizeSlug\":\"large\",\"linkDestination\":\"media\"} --><\/span><\/p>\n<figure class=\"wp-block-image size-large\"><span style=\"color: #000000;\"><a style=\"color: #000000;\" href=\"https:\/\/salantine.fr\/wordpress\/wp-content\/uploads\/2022\/06\/CHALUMEAU-Oscar-12-scaled.jpg\"><img loading=\"lazy\" decoding=\"async\" width=\"1024\" height=\"682\" class=\"wp-image-26230\" src=\"https:\/\/salantine.fr\/wordpress\/wp-content\/uploads\/2022\/06\/CHALUMEAU-Oscar-12-1024x682.jpg\" alt=\"\" srcset=\"http:\/\/salantine.fr\/wordpress\/wp-content\/uploads\/2022\/06\/CHALUMEAU-Oscar-12-1024x682.jpg 1024w, http:\/\/salantine.fr\/wordpress\/wp-content\/uploads\/2022\/06\/CHALUMEAU-Oscar-12-300x200.jpg 300w, http:\/\/salantine.fr\/wordpress\/wp-content\/uploads\/2022\/06\/CHALUMEAU-Oscar-12-768x512.jpg 768w, http:\/\/salantine.fr\/wordpress\/wp-content\/uploads\/2022\/06\/CHALUMEAU-Oscar-12-1536x1024.jpg 1536w, http:\/\/salantine.fr\/wordpress\/wp-content\/uploads\/2022\/06\/CHALUMEAU-Oscar-12-2048x1365.jpg 2048w, http:\/\/salantine.fr\/wordpress\/wp-content\/uploads\/2022\/06\/CHALUMEAU-Oscar-12-450x300.jpg 450w\" sizes=\"auto, (max-width: 1024px) 100vw, 1024px\" \/><\/a><\/span><\/figure>\n<p><span style=\"color: #000000;\"><!-- \/wp:image --><\/span><\/p>\n<\/div>\n<p><span style=\"color: #000000;\"><!-- \/wp:column --><\/span><\/p>\n<p><span style=\"color: #000000;\"><!-- wp:column --><\/span><\/p>\n<div class=\"wp-block-column\">\n<p><span style=\"color: #000000;\"><!-- wp:image {\"id\":26231,\"sizeSlug\":\"large\",\"linkDestination\":\"media\"} --><\/span><\/p>\n<figure class=\"wp-block-image size-large\"><span style=\"color: #000000;\"><a style=\"color: #000000;\" href=\"https:\/\/salantine.fr\/wordpress\/wp-content\/uploads\/2022\/06\/LE-ROY-Adele-4-scaled.jpg\"><img loading=\"lazy\" decoding=\"async\" width=\"1024\" height=\"683\" class=\"wp-image-26231\" src=\"https:\/\/salantine.fr\/wordpress\/wp-content\/uploads\/2022\/06\/LE-ROY-Adele-4-1024x683.jpg\" alt=\"\" srcset=\"http:\/\/salantine.fr\/wordpress\/wp-content\/uploads\/2022\/06\/LE-ROY-Adele-4-1024x683.jpg 1024w, http:\/\/salantine.fr\/wordpress\/wp-content\/uploads\/2022\/06\/LE-ROY-Adele-4-300x200.jpg 300w, http:\/\/salantine.fr\/wordpress\/wp-content\/uploads\/2022\/06\/LE-ROY-Adele-4-768x512.jpg 768w, http:\/\/salantine.fr\/wordpress\/wp-content\/uploads\/2022\/06\/LE-ROY-Adele-4-1536x1024.jpg 1536w, http:\/\/salantine.fr\/wordpress\/wp-content\/uploads\/2022\/06\/LE-ROY-Adele-4-2048x1365.jpg 2048w, http:\/\/salantine.fr\/wordpress\/wp-content\/uploads\/2022\/06\/LE-ROY-Adele-4-450x300.jpg 450w\" sizes=\"auto, (max-width: 1024px) 100vw, 1024px\" \/><\/a><\/span><\/figure>\n<p><span style=\"color: #000000;\"><!-- \/wp:image --><\/span><\/p>\n<\/div>\n<p><span style=\"color: #000000;\"><!-- \/wp:column --><\/span><\/p>\n<p><span style=\"color: #000000;\"><!-- wp:column --><\/span><\/p>\n<div class=\"wp-block-column\">\n<p><span style=\"color: #000000;\"><!-- wp:image {\"id\":26235,\"sizeSlug\":\"large\",\"linkDestination\":\"media\"} --><\/span><\/p>\n<figure class=\"wp-block-image size-large\"><span style=\"color: #000000;\"><a style=\"color: #000000;\" href=\"https:\/\/salantine.fr\/wordpress\/wp-content\/uploads\/2022\/06\/Mer11h30shet_Groupe-2-scaled.jpg\"><img loading=\"lazy\" decoding=\"async\" width=\"1024\" height=\"683\" class=\"wp-image-26235\" src=\"https:\/\/salantine.fr\/wordpress\/wp-content\/uploads\/2022\/06\/Mer11h30shet_Groupe-2-1024x683.jpg\" alt=\"\" srcset=\"http:\/\/salantine.fr\/wordpress\/wp-content\/uploads\/2022\/06\/Mer11h30shet_Groupe-2-1024x683.jpg 1024w, http:\/\/salantine.fr\/wordpress\/wp-content\/uploads\/2022\/06\/Mer11h30shet_Groupe-2-300x200.jpg 300w, http:\/\/salantine.fr\/wordpress\/wp-content\/uploads\/2022\/06\/Mer11h30shet_Groupe-2-768x512.jpg 768w, http:\/\/salantine.fr\/wordpress\/wp-content\/uploads\/2022\/06\/Mer11h30shet_Groupe-2-1536x1024.jpg 1536w, http:\/\/salantine.fr\/wordpress\/wp-content\/uploads\/2022\/06\/Mer11h30shet_Groupe-2-2048x1365.jpg 2048w, http:\/\/salantine.fr\/wordpress\/wp-content\/uploads\/2022\/06\/Mer11h30shet_Groupe-2-450x300.jpg 450w\" sizes=\"auto, (max-width: 1024px) 100vw, 1024px\" \/><\/a><\/span><\/figure>\n<\/div>\n<\/div>\n<p><!-- \/wp:paragraph --><\/p>\t\t\t\t\t\t<\/div>\n\t\t\t\t<\/div>\n\t\t\t\t\t<\/div>\n\t\t<\/div>\n\t\t\t\t\t\t\t<\/div>\n\t\t<\/section>\n\t\t\t\t\t\t\t<\/div>\n\t\t","protected":false},"excerpt":{"rendered":"<p>Les prochaines vacances \u00e0 La Salantine: L&rsquo;Association pour la Promotion Equestre et le Poney Club Salantine Houssay ont pour objectif de promouvoir l&rsquo;\u00e9quitation \u00e0 poney\u00a0pour les enfants de 6 \u00e0 18 ans et de faciliter l&rsquo;acc\u00e8s \u00e0 l&rsquo;\u00e9quitation pour tous. Les activit\u00e9s se pratiquent toute l&rsquo;ann\u00e9e avec des moniteurs dipl\u00f4m\u00e9s : initiation loisirs, concours complets [&hellip;]<\/p>\n","protected":false},"author":1,"featured_media":0,"parent":0,"menu_order":1,"comment_status":"closed","ping_status":"closed","template":"","meta":{"ngg_post_thumbnail":0,"footnotes":""},"class_list":["post-25736","page","type-page","status-publish","hentry"],"_links":{"self":[{"href":"http:\/\/salantine.fr\/wordpress\/wp-json\/wp\/v2\/pages\/25736","targetHints":{"allow":["GET"]}}],"collection":[{"href":"http:\/\/salantine.fr\/wordpress\/wp-json\/wp\/v2\/pages"}],"about":[{"href":"http:\/\/salantine.fr\/wordpress\/wp-json\/wp\/v2\/types\/page"}],"author":[{"embeddable":true,"href":"http:\/\/salantine.fr\/wordpress\/wp-json\/wp\/v2\/users\/1"}],"replies":[{"embeddable":true,"href":"http:\/\/salantine.fr\/wordpress\/wp-json\/wp\/v2\/comments?post=25736"}],"version-history":[{"count":532,"href":"http:\/\/salantine.fr\/wordpress\/wp-json\/wp\/v2\/pages\/25736\/revisions"}],"predecessor-version":[{"id":28001,"href":"http:\/\/salantine.fr\/wordpress\/wp-json\/wp\/v2\/pages\/25736\/revisions\/28001"}],"wp:attachment":[{"href":"http:\/\/salantine.fr\/wordpress\/wp-json\/wp\/v2\/media?parent=25736"}],"curies":[{"name":"wp","href":"https:\/\/api.w.org\/{rel}","templated":true}]}}