{"id":25147,"date":"2020-07-02T18:46:26","date_gmt":"2020-07-02T16:46:26","guid":{"rendered":"http:\/\/salantine.fr\/wordpress\/?page_id=25147"},"modified":"2025-09-15T09:06:26","modified_gmt":"2025-09-15T07:06:26","slug":"prestations","status":"publish","type":"page","link":"http:\/\/salantine.fr\/wordpress\/infos-pratiques\/prestations\/","title":{"rendered":"Prestations et tarifs"},"content":{"rendered":"\t\t<div data-elementor-type=\"wp-page\" data-elementor-id=\"25147\" class=\"elementor elementor-25147\">\n\t\t\t\t\t\t\t\t\t<section class=\"elementor-section elementor-top-section elementor-element elementor-element-1c7474e elementor-section-boxed elementor-section-height-default elementor-section-height-default\" data-id=\"1c7474e\" data-element_type=\"section\">\n\t\t\t\t\t\t<div class=\"elementor-container elementor-column-gap-default\">\n\t\t\t\t\t<div class=\"elementor-column elementor-col-50 elementor-top-column elementor-element elementor-element-121f728\" data-id=\"121f728\" data-element_type=\"column\">\n\t\t\t<div class=\"elementor-widget-wrap elementor-element-populated\">\n\t\t\t\t\t\t\t\t<div class=\"elementor-element elementor-element-9ecadf5 elementor-widget elementor-widget-text-editor\" data-id=\"9ecadf5\" data-element_type=\"widget\" data-widget_type=\"text-editor.default\">\n\t\t\t\t<div class=\"elementor-widget-container\">\n\t\t\t<style>\/*! elementor - v3.12.2 - 23-04-2023 *\/\n.elementor-widget-text-editor.elementor-drop-cap-view-stacked .elementor-drop-cap{background-color:#69727d;color:#fff}.elementor-widget-text-editor.elementor-drop-cap-view-framed .elementor-drop-cap{color:#69727d;border:3px solid;background-color:transparent}.elementor-widget-text-editor:not(.elementor-drop-cap-view-default) .elementor-drop-cap{margin-top:8px}.elementor-widget-text-editor:not(.elementor-drop-cap-view-default) .elementor-drop-cap-letter{width:1em;height:1em}.elementor-widget-text-editor .elementor-drop-cap{float:left;text-align:center;line-height:1;font-size:50px}.elementor-widget-text-editor .elementor-drop-cap-letter{display:inline-block}<\/style>\t\t\t\t<h3 style=\"text-align: center;\"><span style=\"color: #000000;\">Cours \u00e0 l&rsquo;ann\u00e9e<\/span><\/h3>\n<p style=\"color: #000000; text-align: center;\">Les moniteurs de la Salantine dispensent des cours aux cavaliers d\u00e9butants jusqu&rsquo;aux cavaliers confirm\u00e9s, \u00e0 shetlands et doubles poneys, <strong>\u00e0 partir de 6 ans<\/strong>.<\/p>\n<p style=\"color: #000000; text-align: center;\">Une ann\u00e9e de cours correspond \u00e0 32 s\u00e9ances, soit 1h par semaine de septembre \u00e0 juin hors vacances scolaires et semaine de l&rsquo;Ascension. Il est demand\u00e9 de se pr\u00e9senter\u00a0<span style=\"font-weight: bolder;\"><em>20 min<\/em><\/span>\u00a0avant l&rsquo;horaire de d\u00e9but du cours afin de s&rsquo;occuper du poney ainsi que de porter un\u00a0<span style=\"font-weight: bolder;\"><em>casque homologu\u00e9<\/em><\/span>\u00a0et une tenue adapt\u00e9e.<\/p>\t\t\t\t\t\t<\/div>\n\t\t\t\t<\/div>\n\t\t\t\t<div class=\"elementor-element elementor-element-7dfe8da elementor-widget elementor-widget-text-editor\" data-id=\"7dfe8da\" data-element_type=\"widget\" data-widget_type=\"text-editor.default\">\n\t\t\t\t<div class=\"elementor-widget-container\">\n\t\t\t\t\t\t\t<p class=\"has-vivid-red-color has-very-light-gray-background-color has-text-color has-background\" style=\"box-sizing: border-box; overflow-wrap: break-word; margin-top: 0px; margin-bottom: 0.9rem; padding: 1.25em 2.375em; background-color: #eeeeee; font-family: Roboto, sans-serif; font-size: 16px; font-style: normal; font-variant-ligatures: normal; font-variant-caps: normal; font-weight: 400; letter-spacing: normal; orphans: 2; text-align: center; text-indent: 0px; text-transform: none; widows: 2; word-spacing: 0px; -webkit-text-stroke-width: 0px; white-space: normal; text-decoration-thickness: initial; text-decoration-style: initial; text-decoration-color: initial; color: var(--wp--preset--color--vivid-red) !important;\"><strong>Adh\u00e9sion \u00e0 l&rsquo;association et licence FFE<\/strong> : 167\u20ac (138 \u20ac d&rsquo;adh\u00e9sion et 29 \u20ac de licence). La licence FFE (F\u00e9d\u00e9ration Fran\u00e7aise d\u2019\u00c9quitation) comprend une assurance pour la pratique de l\u2019\u00e9quitation dans le cadre des cours dispens\u00e9s par des moniteurs agr\u00e9\u00e9s, permet de passer des dipl\u00f4mes f\u00e9d\u00e9raux et participe \u00e0 la vie sportive de la FFE.<\/p>\t\t\t\t\t\t<\/div>\n\t\t\t\t<\/div>\n\t\t\t\t<div class=\"elementor-element elementor-element-37dffba elementor-widget elementor-widget-text-editor\" data-id=\"37dffba\" data-element_type=\"widget\" data-widget_type=\"text-editor.default\">\n\t\t\t\t<div class=\"elementor-widget-container\">\n\t\t\t\t\t\t\t<p class=\"has-vivid-red-color has-very-light-gray-background-color has-text-color has-background\" style=\"box-sizing: border-box; overflow-wrap: break-word; margin-top: 0px; margin-bottom: 0.9rem; padding: 1.25em 2.375em; background-color: #eeeeee; font-family: Roboto, sans-serif; font-size: 16px; font-style: normal; font-variant-ligatures: normal; font-variant-caps: normal; font-weight: 400; letter-spacing: normal; orphans: 2; text-indent: 0px; text-transform: none; widows: 2; word-spacing: 0px; -webkit-text-stroke-width: 0px; white-space: normal; text-decoration-thickness: initial; text-decoration-style: initial; text-decoration-color: initial; color: var(--wp--preset--color--vivid-red) !important; text-align: center;\"><strong>Forfait<\/strong> : 620\u20ac pour les shetland ou 745\u20ac pour les double-poneys.<\/p>\t\t\t\t\t\t<\/div>\n\t\t\t\t<\/div>\n\t\t\t\t<div class=\"elementor-element elementor-element-8c9204b elementor-widget elementor-widget-text-editor\" data-id=\"8c9204b\" data-element_type=\"widget\" data-widget_type=\"text-editor.default\">\n\t\t\t\t<div class=\"elementor-widget-container\">\n\t\t\t\t\t\t\t<p class=\"has-vivid-red-color has-very-light-gray-background-color has-text-color has-background\" style=\"box-sizing: border-box; overflow-wrap: break-word; margin-top: 0px; margin-bottom: 0.9rem; padding: 1.25em 2.375em; background-color: #eeeeee; font-family: Roboto, sans-serif; font-size: 16px; font-style: normal; font-variant-ligatures: normal; font-variant-caps: normal; font-weight: 400; letter-spacing: normal; orphans: 2; text-align: center; text-indent: 0px; text-transform: none; widows: 2; word-spacing: 0px; -webkit-text-stroke-width: 0px; white-space: normal; text-decoration-thickness: initial; text-decoration-style: initial; text-decoration-color: initial; color: var(--wp--preset--color--vivid-red) !important;\"><span style=\"color: var(--wp--preset--color--vivid-red); text-align: center;\">Soit un total de\u00a0<\/span><strong style=\"color: var(--wp--preset--color--vivid-red); text-align: center;\">787\u20ac pour les shetland<\/strong><span style=\"color: var(--wp--preset--color--vivid-red); text-align: center;\"> ou <\/span><strong style=\"color: var(--wp--preset--color--vivid-red); text-align: center;\">912\u20ac pour les double-poneys<\/strong><span style=\"color: var(--wp--preset--color--vivid-red); text-align: center;\">.<\/span><\/p>\t\t\t\t\t\t<\/div>\n\t\t\t\t<\/div>\n\t\t\t\t\t<\/div>\n\t\t<\/div>\n\t\t\t\t<div class=\"elementor-column elementor-col-50 elementor-top-column elementor-element elementor-element-13af92c\" data-id=\"13af92c\" data-element_type=\"column\">\n\t\t\t<div class=\"elementor-widget-wrap elementor-element-populated\">\n\t\t\t\t\t\t\t\t<section class=\"elementor-section elementor-inner-section elementor-element elementor-element-97fbb6f elementor-section-boxed elementor-section-height-default elementor-section-height-default\" data-id=\"97fbb6f\" data-element_type=\"section\">\n\t\t\t\t\t\t<div class=\"elementor-container elementor-column-gap-default\">\n\t\t\t\t\t<div class=\"elementor-column elementor-col-100 elementor-inner-column elementor-element elementor-element-9b81e80\" data-id=\"9b81e80\" data-element_type=\"column\">\n\t\t\t<div class=\"elementor-widget-wrap elementor-element-populated\">\n\t\t\t\t\t\t\t\t<div class=\"elementor-element elementor-element-ac1247b elementor-widget elementor-widget-spacer\" data-id=\"ac1247b\" data-element_type=\"widget\" data-widget_type=\"spacer.default\">\n\t\t\t\t<div class=\"elementor-widget-container\">\n\t\t\t<style>\/*! elementor - v3.12.2 - 23-04-2023 *\/\n.elementor-column .elementor-spacer-inner{height:var(--spacer-size)}.e-con{--container-widget-width:100%}.e-con-inner>.elementor-widget-spacer,.e-con>.elementor-widget-spacer{width:var(--container-widget-width,var(--spacer-size));--align-self:var(--container-widget-align-self,initial);--flex-shrink:0}.e-con-inner>.elementor-widget-spacer>.elementor-widget-container,.e-con-inner>.elementor-widget-spacer>.elementor-widget-container>.elementor-spacer,.e-con>.elementor-widget-spacer>.elementor-widget-container,.e-con>.elementor-widget-spacer>.elementor-widget-container>.elementor-spacer{height:100%}.e-con-inner>.elementor-widget-spacer>.elementor-widget-container>.elementor-spacer>.elementor-spacer-inner,.e-con>.elementor-widget-spacer>.elementor-widget-container>.elementor-spacer>.elementor-spacer-inner{height:var(--container-widget-height,var(--spacer-size))}<\/style>\t\t<div class=\"elementor-spacer\">\n\t\t\t<div class=\"elementor-spacer-inner\"><\/div>\n\t\t<\/div>\n\t\t\t\t<\/div>\n\t\t\t\t<\/div>\n\t\t\t\t\t<\/div>\n\t\t<\/div>\n\t\t\t\t\t\t\t<\/div>\n\t\t<\/section>\n\t\t\t\t<div class=\"elementor-element elementor-element-567a409 elementor-widget__width-initial elementor-widget elementor-widget-image\" data-id=\"567a409\" data-element_type=\"widget\" data-widget_type=\"image.default\">\n\t\t\t\t<div class=\"elementor-widget-container\">\n\t\t\t<style>\/*! elementor - v3.12.2 - 23-04-2023 *\/\n.elementor-widget-image{text-align:center}.elementor-widget-image a{display:inline-block}.elementor-widget-image a img[src$=\".svg\"]{width:48px}.elementor-widget-image img{vertical-align:middle;display:inline-block}<\/style>\t\t\t\t\t\t\t\t\t\t\t\t<img decoding=\"async\" src=\"http:\/\/salantine.fr\/wordpress\/wp-content\/uploads\/2022\/06\/CAVIGNAVY-PAQUET-Elise-6-scaled.jpg\" title=\"CAVIGNAVY-PAQUET-Elise-6\" alt=\"CAVIGNAVY-PAQUET-Elise-6\" loading=\"lazy\" \/>\t\t\t\t\t\t\t\t\t\t\t\t\t\t\t<\/div>\n\t\t\t\t<\/div>\n\t\t\t\t\t<\/div>\n\t\t<\/div>\n\t\t\t\t\t\t\t<\/div>\n\t\t<\/section>\n\t\t\t\t<section class=\"elementor-section elementor-top-section elementor-element elementor-element-e198ded elementor-section-boxed elementor-section-height-default elementor-section-height-default\" data-id=\"e198ded\" data-element_type=\"section\">\n\t\t\t\t\t\t<div class=\"elementor-container elementor-column-gap-default\">\n\t\t\t\t\t<div class=\"elementor-column elementor-col-100 elementor-top-column elementor-element elementor-element-735bb68\" data-id=\"735bb68\" data-element_type=\"column\">\n\t\t\t<div class=\"elementor-widget-wrap elementor-element-populated\">\n\t\t\t\t\t\t\t\t<section class=\"elementor-section elementor-inner-section elementor-element elementor-element-8a862b2 elementor-section-boxed elementor-section-height-default elementor-section-height-default\" data-id=\"8a862b2\" data-element_type=\"section\">\n\t\t\t\t\t\t<div class=\"elementor-container elementor-column-gap-default\">\n\t\t\t\t\t<div class=\"elementor-column elementor-col-50 elementor-inner-column elementor-element elementor-element-cc7c561\" data-id=\"cc7c561\" data-element_type=\"column\">\n\t\t\t<div class=\"elementor-widget-wrap elementor-element-populated\">\n\t\t\t\t\t\t\t\t<div class=\"elementor-element elementor-element-9a01eb1 elementor-widget__width-initial elementor-widget elementor-widget-image\" data-id=\"9a01eb1\" data-element_type=\"widget\" data-widget_type=\"image.default\">\n\t\t\t\t<div class=\"elementor-widget-container\">\n\t\t\t\t\t\t\t\t\t\t\t\t\t\t\t<img loading=\"lazy\" decoding=\"async\" width=\"683\" height=\"1024\" src=\"http:\/\/salantine.fr\/wordpress\/wp-content\/uploads\/2022\/06\/LARUE-Lena-7-683x1024.jpg\" class=\"attachment-large size-large wp-image-26234\" alt=\"\" srcset=\"http:\/\/salantine.fr\/wordpress\/wp-content\/uploads\/2022\/06\/LARUE-Lena-7-683x1024.jpg 683w, http:\/\/salantine.fr\/wordpress\/wp-content\/uploads\/2022\/06\/LARUE-Lena-7-200x300.jpg 200w, http:\/\/salantine.fr\/wordpress\/wp-content\/uploads\/2022\/06\/LARUE-Lena-7-768x1152.jpg 768w, http:\/\/salantine.fr\/wordpress\/wp-content\/uploads\/2022\/06\/LARUE-Lena-7-1024x1536.jpg 1024w, http:\/\/salantine.fr\/wordpress\/wp-content\/uploads\/2022\/06\/LARUE-Lena-7-1365x2048.jpg 1365w, http:\/\/salantine.fr\/wordpress\/wp-content\/uploads\/2022\/06\/LARUE-Lena-7-scaled.jpg 1707w\" sizes=\"auto, (max-width: 683px) 100vw, 683px\" \/>\t\t\t\t\t\t\t\t\t\t\t\t\t\t\t<\/div>\n\t\t\t\t<\/div>\n\t\t\t\t\t<\/div>\n\t\t<\/div>\n\t\t\t\t<div class=\"elementor-column elementor-col-50 elementor-inner-column elementor-element elementor-element-911574a\" data-id=\"911574a\" data-element_type=\"column\">\n\t\t\t<div class=\"elementor-widget-wrap elementor-element-populated\">\n\t\t\t\t\t\t\t\t<div class=\"elementor-element elementor-element-c564f42 elementor-widget elementor-widget-text-editor\" data-id=\"c564f42\" data-element_type=\"widget\" data-widget_type=\"text-editor.default\">\n\t\t\t\t<div class=\"elementor-widget-container\">\n\t\t\t\t\t\t\t<figure class=\"wp-block-gallery aligncenter has-nested-images columns-default is-cropped\" style=\"color: #000000;\">\n<h3 class=\"wp-block-image size-large is-resized is-style-default\" style=\"width: calc(33.33% - var(--gallery-block--gutter-size, 16px)*0.66667); text-align: center;\"><strong><span style=\"color: inherit; font-family: inherit; font-size: 1.75rem; text-align: center;\">Stages<\/span><\/strong><\/h3>\n<\/figure>\n<p style=\"color: #000000; text-align: center;\">Les stages sont propos\u00e9s pendant les vacances scolaires, sur inscription, du\u00a0<span style=\"font-weight: bolder;\">lundi au vendredi<\/span>\u00a0de\u00a0<span style=\"font-weight: bolder;\">9h00<\/span>\u00a0\u00e0\u00a0<span style=\"font-weight: bolder;\">12h30<\/span>\u00a0et de<span style=\"font-weight: bolder;\">\u00a014h \u00e0<\/span>\u00a0<span style=\"font-weight: bolder;\">17h30<\/span>\u00a0pour les enfants de 6 ans et plus. Afin de faciliter l&rsquo;organisation et que ces journ\u00e9es se passent au mieux, merci de\u00a0<em><span style=\"font-weight: bolder;\">respecter scrupuleusement les horaires<\/span><\/em>\u00a0de d\u00e9buts\/fins (n&rsquo;h\u00e9sitez pas \u00e0 nous pr\u00e9venir en cas de retard) et de pr\u00e9voir un go\u00fbter, une bouteille d&rsquo;eau et une tenue adapt\u00e9e \u00e0 la pratique de l&rsquo;\u00e9quitation.<\/p>\n<p style=\"color: #000000; text-align: center;\">Les stages shetlands sont ouverts \u00e0 partir de\u00a0<span style=\"font-weight: bolder;\">6 ans jusqu&rsquo;\u00e0 11 ans<\/span>\u00a0et les stages doubles-poneys pour les <strong>plus de 11 ans<\/strong>, \u00e0 la\u00a0demi-journ\u00e9e, (matins et apr\u00e8s-midi), \u00e0 la journ\u00e9e ou \u00e0 la semaine en fonction du programme.<\/p>\t\t\t\t\t\t<\/div>\n\t\t\t\t<\/div>\n\t\t\t\t<div class=\"elementor-element elementor-element-c4e2ae2 elementor-widget elementor-widget-text-editor\" data-id=\"c4e2ae2\" data-element_type=\"widget\" data-widget_type=\"text-editor.default\">\n\t\t\t\t<div class=\"elementor-widget-container\">\n\t\t\t\t\t\t\t<p class=\"has-vivid-red-color has-very-light-gray-background-color has-text-color has-background\" style=\"box-sizing: border-box; overflow-wrap: break-word; margin-top: 0px; margin-bottom: 0.9rem; padding: 1.25em 2.375em; background-color: #eeeeee; font-family: Roboto, sans-serif; font-size: 16px; font-style: normal; font-variant-ligatures: normal; font-variant-caps: normal; font-weight: 400; letter-spacing: normal; orphans: 2; text-align: center; text-indent: 0px; text-transform: none; widows: 2; word-spacing: 0px; -webkit-text-stroke-width: 0px; white-space: normal; text-decoration-thickness: initial; text-decoration-style: initial; text-decoration-color: initial; color: var(--wp--preset--color--vivid-red) !important;\">Le prix de la demi-journ\u00e9e de stage est de <strong>35\u20ac pour les adh\u00e9rents<\/strong> et de 40<strong>\u20ac pour les non-adh\u00e9rents<\/strong>.<\/p>\t\t\t\t\t\t<\/div>\n\t\t\t\t<\/div>\n\t\t\t\t\t<\/div>\n\t\t<\/div>\n\t\t\t\t\t\t\t<\/div>\n\t\t<\/section>\n\t\t\t\t\t<\/div>\n\t\t<\/div>\n\t\t\t\t\t\t\t<\/div>\n\t\t<\/section>\n\t\t\t\t<section class=\"elementor-section elementor-top-section elementor-element elementor-element-95098df elementor-section-boxed elementor-section-height-default elementor-section-height-default\" data-id=\"95098df\" data-element_type=\"section\">\n\t\t\t\t\t\t<div class=\"elementor-container elementor-column-gap-default\">\n\t\t\t\t\t<div class=\"elementor-column elementor-col-50 elementor-top-column elementor-element elementor-element-c6d331a\" data-id=\"c6d331a\" data-element_type=\"column\">\n\t\t\t<div class=\"elementor-widget-wrap elementor-element-populated\">\n\t\t\t\t\t\t\t\t<div class=\"elementor-element elementor-element-2688733 elementor-widget elementor-widget-text-editor\" data-id=\"2688733\" data-element_type=\"widget\" data-widget_type=\"text-editor.default\">\n\t\t\t\t<div class=\"elementor-widget-container\">\n\t\t\t\t\t\t\t<h3 id=\"promenades-a-shetlands\" class=\"has-text-align-center\" style=\"font-family: Roboto, sans-serif; color: #000000;\">Promenades \u00e0 shetlands<\/h3>\n<p style=\"color: #000000; text-align: center;\">Ces promenades sont destin\u00e9es aux enfants de <strong>3 \u00e0 6 ans<\/strong>, \u00e0 dos de shetlands, sur inscription et r\u00e8glement. D&rsquo;une dur\u00e9e de <span style=\"font-weight: bolder;\">1h<\/span>, encadr\u00e9e par un moniteur du club, l&rsquo;animation d\u00e9bute par une approche et d\u00e9couverte de son poney, et se poursuit par une promenade au pas des shetlands tenus par les parents dans le parc de la Ch\u00e9zine, \u00e0 la d\u00e9couverte des histoires qu&rsquo;il renferme.<\/p>\t\t\t\t\t\t<\/div>\n\t\t\t\t<\/div>\n\t\t\t\t<div class=\"elementor-element elementor-element-a260e0a elementor-widget elementor-widget-text-editor\" data-id=\"a260e0a\" data-element_type=\"widget\" data-widget_type=\"text-editor.default\">\n\t\t\t\t<div class=\"elementor-widget-container\">\n\t\t\t\t\t\t\t<p class=\"has-vivid-red-color has-very-light-gray-background-color has-text-color has-background\" style=\"font-size: 16px; text-align: center;\">La promenade est au prix de\u00a0<strong>17\u20ac <\/strong>pour 1h d&rsquo;activit\u00e9<span style=\"font-weight: bolder;\"><strong>.<\/strong><\/span><\/p>\t\t\t\t\t\t<\/div>\n\t\t\t\t<\/div>\n\t\t\t\t\t<\/div>\n\t\t<\/div>\n\t\t\t\t<div class=\"elementor-column elementor-col-50 elementor-top-column elementor-element elementor-element-dcf5edc\" data-id=\"dcf5edc\" data-element_type=\"column\">\n\t\t\t<div class=\"elementor-widget-wrap elementor-element-populated\">\n\t\t\t\t\t\t\t\t<div class=\"elementor-element elementor-element-899beb5 elementor-widget elementor-widget-spacer\" data-id=\"899beb5\" data-element_type=\"widget\" data-widget_type=\"spacer.default\">\n\t\t\t\t<div class=\"elementor-widget-container\">\n\t\t\t\t\t<div class=\"elementor-spacer\">\n\t\t\t<div class=\"elementor-spacer-inner\"><\/div>\n\t\t<\/div>\n\t\t\t\t<\/div>\n\t\t\t\t<\/div>\n\t\t\t\t<div class=\"elementor-element elementor-element-d94c176 elementor-widget elementor-widget-image\" data-id=\"d94c176\" data-element_type=\"widget\" data-widget_type=\"image.default\">\n\t\t\t\t<div class=\"elementor-widget-container\">\n\t\t\t\t\t\t\t\t\t\t\t\t\t\t\t<img decoding=\"async\" src=\"http:\/\/salantine.fr\/wordpress\/wp-content\/uploads\/2021\/10\/IMG_2952.jpg\" title=\"\" alt=\"\" loading=\"lazy\" \/>\t\t\t\t\t\t\t\t\t\t\t\t\t\t\t<\/div>\n\t\t\t\t<\/div>\n\t\t\t\t\t<\/div>\n\t\t<\/div>\n\t\t\t\t\t\t\t<\/div>\n\t\t<\/section>\n\t\t\t\t<section class=\"elementor-section elementor-top-section elementor-element elementor-element-3ca05a1 elementor-section-boxed elementor-section-height-default elementor-section-height-default\" data-id=\"3ca05a1\" data-element_type=\"section\">\n\t\t\t\t\t\t<div class=\"elementor-container elementor-column-gap-default\">\n\t\t\t\t\t<div class=\"elementor-column elementor-col-100 elementor-top-column elementor-element elementor-element-ae0fde2\" data-id=\"ae0fde2\" data-element_type=\"column\">\n\t\t\t<div class=\"elementor-widget-wrap elementor-element-populated\">\n\t\t\t\t\t\t\t\t<section class=\"elementor-section elementor-inner-section elementor-element elementor-element-19270ef elementor-section-boxed elementor-section-height-default elementor-section-height-default\" data-id=\"19270ef\" data-element_type=\"section\">\n\t\t\t\t\t\t<div class=\"elementor-container elementor-column-gap-default\">\n\t\t\t\t\t<div class=\"elementor-column elementor-col-100 elementor-inner-column elementor-element elementor-element-02cfbd7\" data-id=\"02cfbd7\" data-element_type=\"column\">\n\t\t\t<div class=\"elementor-widget-wrap elementor-element-populated\">\n\t\t\t\t\t\t\t\t<div class=\"elementor-element elementor-element-769b009 elementor-widget elementor-widget-text-editor\" data-id=\"769b009\" data-element_type=\"widget\" data-widget_type=\"text-editor.default\">\n\t\t\t\t<div class=\"elementor-widget-container\">\n\t\t\t\t\t\t\t<h3 id=\"mce_11\" class=\"has-text-align-center\" style=\"font-family: Roboto, sans-serif; color: #000000;\">Concours Complet d&rsquo;\u00e9quitation (CCE)<\/h3>\n<p style=\"color: #000000; text-align: center;\">Le Concours Complet est la discipline phare de notre \u00e9quipe comp\u00e9tition. Le CCE r\u00e9unit trois \u00e9preuves : dressage, saut d&rsquo;obstacles et cross. Il est propos\u00e9 aux cavaliers exp\u00e9riment\u00e9s.<\/p>\t\t\t\t\t\t<\/div>\n\t\t\t\t<\/div>\n\t\t\t\t<div class=\"elementor-element elementor-element-5368e7e elementor-widget elementor-widget-text-editor\" data-id=\"5368e7e\" data-element_type=\"widget\" data-widget_type=\"text-editor.default\">\n\t\t\t\t<div class=\"elementor-widget-container\">\n\t\t\t\t\t\t\t<h3 id=\"randonnees-a-la-journee-ou-sur-une-semaine\" class=\"has-text-align-center\" style=\"font-family: Roboto, sans-serif; color: #000000;\">Randonn\u00e9es \u00e0 la journ\u00e9e ou sur une semaine<\/h3>\n<p style=\"font-size: 16px; text-align: center;\"><span style=\"color: #000000;\">Les randonn\u00e9es sont le moyen parfait pour d\u00e9couvrir une nouvelle \u00e9quitation, \u00e0 la d\u00e9couverte de la nature, pour les cavaliers t\u00e9m\u00e9raires en soif d&rsquo;aventure. Certaines sont organis\u00e9es \u00e0 la journ\u00e9e, d&rsquo;autres durent une semaine en bivouac, encadr\u00e9es par un moniteur dipl\u00f4m\u00e9.<\/span><\/p>\t\t\t\t\t\t<\/div>\n\t\t\t\t<\/div>\n\t\t\t\t<div class=\"elementor-element elementor-element-ad516f6 elementor-widget elementor-widget-text-editor\" data-id=\"ad516f6\" data-element_type=\"widget\" data-widget_type=\"text-editor.default\">\n\t\t\t\t<div class=\"elementor-widget-container\">\n\t\t\t\t\t\t\t<h3 id=\"challenges-internes\" class=\"has-text-align-center\" style=\"font-family: Roboto, sans-serif; color: #000000;\">Challenges internes<\/h3>\n<p style=\"font-size: 16px; text-align: center;\"><span style=\"color: #000000;\">Pendant la pause hivernale, nous organisons plusieurs challenges pour s&rsquo;entrainer aux comp\u00e9titions ou juste pour s&rsquo;amuser. Les challenges CSO sont \u00e0 destination des cavaliers double-poney. Deux \u00e9preuves sont destin\u00e9es aux cavaliers shetland : les barres au sol et l&rsquo;\u00e9quifun. Rapprochez vous de votre moniteur pour y participer.<\/span><\/p>\t\t\t\t\t\t<\/div>\n\t\t\t\t<\/div>\n\t\t\t\t\t<\/div>\n\t\t<\/div>\n\t\t\t\t\t\t\t<\/div>\n\t\t<\/section>\n\t\t\t\t\t<\/div>\n\t\t<\/div>\n\t\t\t\t\t\t\t<\/div>\n\t\t<\/section>\n\t\t\t\t\t\t\t<\/div>\n\t\t","protected":false},"excerpt":{"rendered":"<p>Cours \u00e0 l&rsquo;ann\u00e9e Les moniteurs de la Salantine dispensent des cours aux cavaliers d\u00e9butants jusqu&rsquo;aux cavaliers confirm\u00e9s, \u00e0 shetlands et doubles poneys, \u00e0 partir de 6 ans. Une ann\u00e9e de cours correspond \u00e0 32 s\u00e9ances, soit 1h par semaine de septembre \u00e0 juin hors vacances scolaires et semaine de l&rsquo;Ascension. Il est demand\u00e9 de se [&hellip;]<\/p>\n","protected":false},"author":1,"featured_media":0,"parent":27656,"menu_order":3,"comment_status":"closed","ping_status":"closed","template":"","meta":{"ngg_post_thumbnail":0,"footnotes":""},"class_list":["post-25147","page","type-page","status-publish","hentry"],"_links":{"self":[{"href":"http:\/\/salantine.fr\/wordpress\/wp-json\/wp\/v2\/pages\/25147","targetHints":{"allow":["GET"]}}],"collection":[{"href":"http:\/\/salantine.fr\/wordpress\/wp-json\/wp\/v2\/pages"}],"about":[{"href":"http:\/\/salantine.fr\/wordpress\/wp-json\/wp\/v2\/types\/page"}],"author":[{"embeddable":true,"href":"http:\/\/salantine.fr\/wordpress\/wp-json\/wp\/v2\/users\/1"}],"replies":[{"embeddable":true,"href":"http:\/\/salantine.fr\/wordpress\/wp-json\/wp\/v2\/comments?post=25147"}],"version-history":[{"count":118,"href":"http:\/\/salantine.fr\/wordpress\/wp-json\/wp\/v2\/pages\/25147\/revisions"}],"predecessor-version":[{"id":27835,"href":"http:\/\/salantine.fr\/wordpress\/wp-json\/wp\/v2\/pages\/25147\/revisions\/27835"}],"up":[{"embeddable":true,"href":"http:\/\/salantine.fr\/wordpress\/wp-json\/wp\/v2\/pages\/27656"}],"wp:attachment":[{"href":"http:\/\/salantine.fr\/wordpress\/wp-json\/wp\/v2\/media?parent=25147"}],"curies":[{"name":"wp","href":"https:\/\/api.w.org\/{rel}","templated":true}]}}